{"id":3,"date":"2022-01-01T16:15:06","date_gmt":"2022-01-01T16:15:06","guid":{"rendered":"https:\/\/enmardel.com\/mdq\/?page_id=3"},"modified":"2025-03-24T12:46:06","modified_gmt":"2025-03-24T15:46:06","slug":"privacy-policy","status":"publish","type":"page","link":"https:\/\/www.enmardel.com\/mdq\/es_ES\/privacy-policy\/","title":{"rendered":"Pol\u00edtica de privacidad"},"content":{"rendered":"\r\n<div id=\"all\">\r\n<div class=\"container container-lectura\">\r\n<div class=\"row\">\r\n<div class=\"col-md-12\">\r\n<p data-start=\"400\" data-end=\"438\"><strong data-start=\"400\" data-end=\"438\">Pol\u00edtica de Privacidad de EnMardel<\/strong><\/p>\r\n<p data-start=\"440\" data-end=\"459\"><strong data-start=\"440\" data-end=\"459\">1. Introducci\u00f3n<\/strong><\/p>\r\n<p data-start=\"461\" data-end=\"795\">En EnMardel nos comprometemos a proteger tu privacidad. Esta Pol\u00edtica de Privacidad describe c\u00f3mo recopilamos, usamos, almacenamos y protegemos la informaci\u00f3n personal que nos proporcionas al utilizar nuestro sitio web. Al acceder a nuestro sitio y utilizar nuestros servicios, aceptas esta pol\u00edtica y las pr\u00e1cticas descritas en ella.<\/p>\r\n<p data-start=\"797\" data-end=\"845\"><strong data-start=\"797\" data-end=\"845\">2. Modificaci\u00f3n de la Pol\u00edtica de Privacidad<\/strong><\/p>\r\n<p data-start=\"847\" data-end=\"1139\">Nos reservamos el derecho de modificar esta Pol\u00edtica de Privacidad en cualquier momento. Si realizamos cambios significativos en la pol\u00edtica, te informaremos oportunamente en este sitio. Te recomendamos que revises peri\u00f3dicamente esta pol\u00edtica para mantenerte al tanto de las actualizaciones.<\/p>\r\n<p data-start=\"1141\" data-end=\"1170\"><strong data-start=\"1141\" data-end=\"1170\">3. Informaci\u00f3n Recopilada<\/strong><\/p>\r\n<p data-start=\"1172\" data-end=\"1492\">Recopilamos la informaci\u00f3n personal que proporcionas voluntariamente, como nombre, direcci\u00f3n de correo electr\u00f3nico, informaci\u00f3n de pago y otros datos necesarios para el uso de nuestros servicios. Adem\u00e1s, recopilamos informaci\u00f3n no personal a trav\u00e9s de cookies y otras tecnolog\u00edas para mejorar la experiencia del usuario.<\/p>\r\n<p data-start=\"1494\" data-end=\"1522\"><strong data-start=\"1494\" data-end=\"1522\">4. Uso de la Informaci\u00f3n<\/strong><\/p>\r\n<p data-start=\"1524\" data-end=\"1592\">La informaci\u00f3n que recopilamos se utiliza para los siguientes fines:<\/p>\r\n<ul data-start=\"1594\" data-end=\"1897\">\r\n<li data-start=\"1594\" data-end=\"1643\">Procesar y gestionar tus compras o solicitudes.<\/li>\r\n<li data-start=\"1644\" data-end=\"1699\">Mejorar la calidad de nuestros productos y servicios.<\/li>\r\n<li data-start=\"1700\" data-end=\"1775\">Enviar promociones, actualizaciones y noticias relevantes sobre EnMardel.<\/li>\r\n<li data-start=\"1776\" data-end=\"1845\">Realizar an\u00e1lisis internos para mejorar la experiencia del usuario.<\/li>\r\n<li data-start=\"1846\" data-end=\"1897\">Cumplir con obligaciones legales y contractuales.<\/li>\r\n<\/ul>\r\n<p data-start=\"1899\" data-end=\"1928\"><strong data-start=\"1899\" data-end=\"1928\">5. Seguridad de los Datos<\/strong><\/p>\r\n<p data-start=\"1930\" data-end=\"2245\">Nos comprometemos a proteger tu informaci\u00f3n personal utilizando medidas de seguridad apropiadas. Sin embargo, debes tener en cuenta que, aunque adoptamos medidas de seguridad, ning\u00fan sistema es completamente infalible. No podemos garantizar que tus datos est\u00e9n completamente seguros frente a accesos no autorizados.<\/p>\r\n<p data-start=\"2247\" data-end=\"2261\"><strong data-start=\"2247\" data-end=\"2261\">6. Cookies<\/strong><\/p>\r\n<p data-start=\"2263\" data-end=\"2558\">En nuestro sitio web utilizamos cookies para mejorar tu experiencia de navegaci\u00f3n. Las cookies nos permiten recopilar datos sobre c\u00f3mo utilizas el sitio y personalizar tu experiencia. Puedes configurar tu navegador para bloquear las cookies, pero esto podr\u00eda afectar el funcionamiento del sitio.<\/p>\r\n<p data-start=\"2560\" data-end=\"2584\"><strong data-start=\"2560\" data-end=\"2584\">7. Acceso a Terceros<\/strong><\/p>\r\n<p data-start=\"2586\" data-end=\"2890\">En EnMardel no compartimos, vendemos ni distribuimos tu informaci\u00f3n personal a terceros sin tu consentimiento, salvo cuando as\u00ed lo exija la ley o una orden judicial. Sin embargo, podemos proporcionarte enlaces a otros sitios web. No nos hacemos responsables de las pol\u00edticas de privacidad de esos sitios.<\/p>\r\n<p data-start=\"2892\" data-end=\"2914\"><strong data-start=\"2892\" data-end=\"2914\">8. Mayor\u00eda de Edad<\/strong><\/p>\r\n<p data-start=\"2916\" data-end=\"3132\">Para utilizar nuestros servicios, debes tener al menos 18 a\u00f1os o la edad m\u00ednima que se requiera en tu pa\u00eds. Si eres menor de edad, necesitas el consentimiento de tus padres o tutores para utilizar nuestros servicios.<\/p>\r\n<p data-start=\"3134\" data-end=\"3165\"><strong data-start=\"3134\" data-end=\"3165\">9. Derechos de los Usuarios<\/strong><\/p>\r\n<p data-start=\"3167\" data-end=\"3452\">Tienes derecho a acceder, corregir o eliminar tus datos personales. Si deseas ejercer alguno de estos derechos, o si tienes dudas sobre nuestra pol\u00edtica de privacidad, puedes ponerte en contacto con nosotros a trav\u00e9s de la direcci\u00f3n de correo electr\u00f3nico proporcionada en el sitio web.<\/p>\r\n<p data-start=\"3454\" data-end=\"3483\"><strong data-start=\"3454\" data-end=\"3483\">10. Propiedad Intelectual<\/strong><\/p>\r\n<p data-start=\"3485\" data-end=\"3825\">Todos los contenidos disponibles en el sitio web de EnMardel, incluidos los textos, im\u00e1genes, logos y otros materiales, son propiedad de EnMardel o de sus colaboradores y est\u00e1n protegidos por las leyes de propiedad intelectual. No est\u00e1 permitido el uso, reproducci\u00f3n, distribuci\u00f3n o modificaci\u00f3n de estos contenidos sin autorizaci\u00f3n previa.<\/p>\r\n<p data-start=\"3827\" data-end=\"3853\"><strong data-start=\"3827\" data-end=\"3853\">11. Enlaces a Terceros<\/strong><\/p>\r\n<p data-start=\"3855\" data-end=\"4165\">En nuestro sitio web podemos incluir enlaces a otros sitios de inter\u00e9s. Estos enlaces se proporcionan \u00fanicamente con fines informativos y no implican que estemos asociados o que aprobemos el contenido de esos sitios. No nos hacemos responsables del contenido ni de la pol\u00edtica de privacidad de esos sitios web.<\/p>\r\n<p data-start=\"4167\" data-end=\"4187\"><strong data-start=\"4167\" data-end=\"4187\">12. Jurisdicci\u00f3n<\/strong><\/p>\r\n<p data-start=\"4189\" data-end=\"4472\">Esta Pol\u00edtica de Privacidad se rige por las leyes de la Rep\u00fablica Argentina. Cualquier disputa relacionada con esta pol\u00edtica ser\u00e1 resuelta por los tribunales competentes de la provincia de Buenos Aires, renunciando expresamente a cualquier otra jurisdicci\u00f3n que pudiera corresponder.<\/p>\r\n<p data-start=\"4474\" data-end=\"4501\"><strong data-start=\"4474\" data-end=\"4501\">13. Pol\u00edtica de Cookies<\/strong><\/p>\r\n<p data-start=\"4503\" data-end=\"4768\">Nuestra p\u00e1gina web utiliza cookies para recopilar informaci\u00f3n sobre c\u00f3mo interact\u00faas con el sitio. Las cookies nos permiten analizar el tr\u00e1fico web y mejorar el rendimiento de nuestro sitio. Esta informaci\u00f3n es an\u00f3nima y no se puede asociar a un usuario espec\u00edfico.<\/p>\r\n<p data-start=\"4770\" data-end=\"4810\"><strong data-start=\"4770\" data-end=\"4810\">14. Uso de la Informaci\u00f3n Recopilada<\/strong><\/p>\r\n<p data-start=\"4812\" data-end=\"5068\">Utilizamos la informaci\u00f3n recopilada para proporcionarte los mejores servicios posibles, mejorar nuestros productos y ofrecerte comunicaciones de marketing. Si no deseas recibir correos electr\u00f3nicos promocionales, puedes darte de baja en cualquier momento.<\/p>\r\n<p data-start=\"5070\" data-end=\"5098\"><strong data-start=\"5070\" data-end=\"5098\">15. Derecho de Exclusi\u00f3n<\/strong><\/p>\r\n<p data-start=\"5100\" data-end=\"5251\">Nos reservamos el derecho de restringir el acceso a nuestro sitio web a aquellos usuarios que incumplan las condiciones establecidas en este documento.<\/p>\r\n<p data-start=\"5100\" data-end=\"5251\"><strong>TITULAR: Aldo Alberto Fr\u00edas<\/strong><br \/><strong>CUIT: 20-14263171-8<\/strong><br \/><strong>EMAIL: <a href=\"mailto:aldo@enmardel.com\">aldo@enmardel.com<\/a><\/strong><br \/><strong>WEB: <a href=\"https:\/\/www.enmardel.com\">www.enmardel.com<\/a><\/strong><br \/><strong>ENMARDEL es marca registrada.<br \/>LINKEDIN <a href=\"https:\/\/www.aaf.ar\/l\" target=\"_blank\" rel=\"noopener\">aaf.ar\/l<\/a><br \/>DESARROLLO: <a href=\"https:\/\/www.sivol.com.ar\" target=\"_blank\" rel=\"noopener\">www.sivol.com.ar<\/a><\/strong><\/p>\r\n<\/div>\r\n<\/div>\r\n<\/div>\r\n<\/div>\r\n","protected":false},"excerpt":{"rendered":"<p><!-- wp:heading --><\/p>\n<div id=\"all\">\n<div class=\"container container-lectura\">\n<div class=\"row\">\n<div class=\"col-md-12\">\n<p data-start=\"400\" data-end=\"438\"><strong data-start=\"400\" data-end=\"438\">Pol\u00edtica de Privacidad de EnMardel<\/strong><\/p>\n<p... \n\n","protected":false},"author":1,"featured_media":0,"parent":0,"menu_order":0,"comment_status":"closed","ping_status":"open","template":"","meta":{"_monsterinsights_skip_tracking":false,"_monsterinsights_sitenote_active":false,"_monsterinsights_sitenote_note":"","_monsterinsights_sitenote_category":0,"footnotes":""},"class_list":["post-3","page","type-page","status-publish"],"rankMath":{"parentDomain":"www.enmardel.com","noFollowDomains":[],"noFollowExcludeDomains":[],"noFollowExternalLinks":false,"featuredImageNotice":"La imagen destacada debe tener al menos 200 por 200 p\u00edxeles para que Facebook y otros sitios de redes sociales puedan escogerla.","pluginReviewed":false,"postSettings":{"linkSuggestions":true,"useFocusKeyword":false},"frontEndScore":false,"postName":"privacy-policy","permalinkFormat":"https:\/\/www.enmardel.com\/mdq\/es_ES\/%pagename%\/","showLockModifiedDate":true,"assessor":{"focusKeywordLink":"https:\/\/www.enmardel.com\/mdq\/wp-admin\/edit.php?focus_keyword=%focus_keyword%&post_type=%post_type%","hasTOCPlugin":false,"primaryTaxonomy":false,"serpData":{"title":"","description":"","focusKeywords":"","pillarContent":false,"canonicalUrl":"","breadcrumbTitle":"","advancedRobots":{"max-snippet":"-1","max-video-preview":"-1","max-image-preview":"large"},"facebookTitle":"","facebookDescription":"","facebookImage":"","facebookImageID":"","facebookHasOverlay":false,"facebookImageOverlay":"","facebookAuthor":"","twitterCardType":"","twitterUseFacebook":true,"twitterTitle":"","twitterDescription":"","twitterImage":"","twitterImageID":"","twitterHasOverlay":false,"twitterImageOverlay":"","twitterPlayerUrl":"","twitterPlayerSize":"","twitterPlayerStream":"","twitterPlayerStreamCtype":"","twitterAppDescription":"","twitterAppIphoneName":"","twitterAppIphoneID":"","twitterAppIphoneUrl":"","twitterAppIpadName":"","twitterAppIpadID":"","twitterAppIpadUrl":"","twitterAppGoogleplayName":"","twitterAppGoogleplayID":"","twitterAppGoogleplayUrl":"","twitterAppCountry":"","robots":{"index":true},"twitterAuthor":"nombre de usuario","primaryTerm":0,"authorName":"MDQ EnMardel\u00ae","titleTemplate":"%sitename% %sep% %title%","descriptionTemplate":"%excerpt%","showScoreFrontend":true,"lockModifiedDate":false},"powerWords":["incre\u00edble","asombroso","maravilloso","\u00fanico","hermoso","felicidad","brillante","cautivador","carism\u00e1tico","impactante","claro","completamente","confidencial","confianza","significativo","creativo","definitivamente","delicioso","demostrar","apres\u00farate","decidido","digno","din\u00e1mico","impresionante","esencial","inspirador","innovador","intenso","eficaz","m\u00e1gico","magn\u00edfico","hist\u00f3rico","importante","incre\u00edble","indispensable","inolvidable","irresistible","legendario","luminoso","lujo","m\u00e1gico","magn\u00edfico","majestuoso","memorable","maravilloso","milagroso","motivador","necesario","nuevo","oficial","perfecto","apasionado","persuasivo","fenomenal","placer","popular","poder","prestigioso","prodigioso","profundo","pr\u00f3spero","poderoso","calidad","radiante","r\u00e1pido","exitoso","revolucionario","satisfecho","seguridad","sensacional","sereno","suntuoso","espl\u00e9ndido","sublime","sorprendente","talentoso","terror\u00edfico","\u00fanico","valor","vibrante","victorioso","vivo","verdaderamente","celoso","aut\u00e9ntico","aventurero","espectacular","exclusivo","garantizado","extraordinario","fabuloso","fascinante","formidable","genial","grandioso","gratuito","h\u00e1bil","ilimitado","impecable","infalible","infinitamente","influyente","ingenioso","inolvidable","irremplazable","l\u00edder","maestro","notable","novedoso","pionero","poderoso","reconocido","revolucionario","sorprendente","superior","triunfante","ultra","valiente","valioso","vanguardista","vigoroso","visionario","voluntad","vital","triunfo","glorioso","imparable","inigualable","inteligente","invencible","libertad","orgullo","paz","progreso","renovado","sabidur\u00eda","satisfacci\u00f3n","seguro","serenidad","superaci\u00f3n","talento","transcendente","transformador","valent\u00eda","victoria"],"diacritics":{"A":"[\\u0041\\u24B6\\uFF21\\u00C0\\u00C1\\u00C2\\u1EA6\\u1EA4\\u1EAA\\u1EA8\\u00C3\\u0100\\u0102\\u1EB0\\u1EAE\\u1EB4\\u1EB2\\u0226\\u01E0\\u00C4\\u01DE\\u1EA2\\u00C5\\u01FA\\u01CD\\u0200\\u0202\\u1EA0\\u1EAC\\u1EB6\\u1E00\\u0104\\u023A\\u2C6F]","AA":"[\\uA732]","AE":"[\\u00C6\\u01FC\\u01E2]","AO":"[\\uA734]","AU":"[\\uA736]","AV":"[\\uA738\\uA73A]","AY":"[\\uA73C]","B":"[\\u0042\\u24B7\\uFF22\\u1E02\\u1E04\\u1E06\\u0243\\u0182\\u0181]","C":"[\\u0043\\u24B8\\uFF23\\u0106\\u0108\\u010A\\u010C\\u00C7\\u1E08\\u0187\\u023B\\uA73E]","D":"[\\u0044\\u24B9\\uFF24\\u1E0A\\u010E\\u1E0C\\u1E10\\u1E12\\u1E0E\\u0110\\u018B\\u018A\\u0189\\uA779]","DZ":"[\\u01F1\\u01C4]","Dz":"[\\u01F2\\u01C5]","E":"[\\u0045\\u24BA\\uFF25\\u00C8\\u00C9\\u00CA\\u1EC0\\u1EBE\\u1EC4\\u1EC2\\u1EBC\\u0112\\u1E14\\u1E16\\u0114\\u0116\\u00CB\\u1EBA\\u011A\\u0204\\u0206\\u1EB8\\u1EC6\\u0228\\u1E1C\\u0118\\u1E18\\u1E1A\\u0190\\u018E]","F":"[\\u0046\\u24BB\\uFF26\\u1E1E\\u0191\\uA77B]","G":"[\\u0047\\u24BC\\uFF27\\u01F4\\u011C\\u1E20\\u011E\\u0120\\u01E6\\u0122\\u01E4\\u0193\\uA7A0\\uA77D\\uA77E]","H":"[\\u0048\\u24BD\\uFF28\\u0124\\u1E22\\u1E26\\u021E\\u1E24\\u1E28\\u1E2A\\u0126\\u2C67\\u2C75\\uA78D]","I":"[\\u0049\\u24BE\\uFF29\\u00CC\\u00CD\\u00CE\\u0128\\u012A\\u012C\\u0130\\u00CF\\u1E2E\\u1EC8\\u01CF\\u0208\\u020A\\u1ECA\\u012E\\u1E2C\\u0197]","J":"[\\u004A\\u24BF\\uFF2A\\u0134\\u0248]","K":"[\\u004B\\u24C0\\uFF2B\\u1E30\\u01E8\\u1E32\\u0136\\u1E34\\u0198\\u2C69\\uA740\\uA742\\uA744\\uA7A2]","L":"[\\u004C\\u24C1\\uFF2C\\u013F\\u0139\\u013D\\u1E36\\u1E38\\u013B\\u1E3C\\u1E3A\\u0141\\u023D\\u2C62\\u2C60\\uA748\\uA746\\uA780]","LJ":"[\\u01C7]","Lj":"[\\u01C8]","M":"[\\u004D\\u24C2\\uFF2D\\u1E3E\\u1E40\\u1E42\\u2C6E\\u019C]","N":"[\\u004E\\u24C3\\uFF2E\\u01F8\\u0143\\u00D1\\u1E44\\u0147\\u1E46\\u0145\\u1E4A\\u1E48\\u0220\\u019D\\uA790\\uA7A4]","NJ":"[\\u01CA]","Nj":"[\\u01CB]","O":"[\\u004F\\u24C4\\uFF2F\\u00D2\\u00D3\\u00D4\\u1ED2\\u1ED0\\u1ED6\\u1ED4\\u00D5\\u1E4C\\u022C\\u1E4E\\u014C\\u1E50\\u1E52\\u014E\\u022E\\u0230\\u00D6\\u022A\\u1ECE\\u0150\\u01D1\\u020C\\u020E\\u01A0\\u1EDC\\u1EDA\\u1EE0\\u1EDE\\u1EE2\\u1ECC\\u1ED8\\u01EA\\u01EC\\u00D8\\u01FE\\u0186\\u019F\\uA74A\\uA74C]","OI":"[\\u01A2]","OO":"[\\uA74E]","OU":"[\\u0222]","P":"[\\u0050\\u24C5\\uFF30\\u1E54\\u1E56\\u01A4\\u2C63\\uA750\\uA752\\uA754]","Q":"[\\u0051\\u24C6\\uFF31\\uA756\\uA758\\u024A]","R":"[\\u0052\\u24C7\\uFF32\\u0154\\u1E58\\u0158\\u0210\\u0212\\u1E5A\\u1E5C\\u0156\\u1E5E\\u024C\\u2C64\\uA75A\\uA7A6\\uA782]","S":"[\\u0053\\u24C8\\uFF33\\u1E9E\\u015A\\u1E64\\u015C\\u1E60\\u0160\\u1E66\\u1E62\\u1E68\\u0218\\u015E\\u2C7E\\uA7A8\\uA784]","T":"[\\u0054\\u24C9\\uFF34\\u1E6A\\u0164\\u1E6C\\u021A\\u0162\\u1E70\\u1E6E\\u0166\\u01AC\\u01AE\\u023E\\uA786]","TZ":"[\\uA728]","U":"[\\u0055\\u24CA\\uFF35\\u00D9\\u00DA\\u00DB\\u0168\\u1E78\\u016A\\u1E7A\\u016C\\u00DC\\u01DB\\u01D7\\u01D5\\u01D9\\u1EE6\\u016E\\u0170\\u01D3\\u0214\\u0216\\u01AF\\u1EEA\\u1EE8\\u1EEE\\u1EEC\\u1EF0\\u1EE4\\u1E72\\u0172\\u1E76\\u1E74\\u0244]","V":"[\\u0056\\u24CB\\uFF36\\u1E7C\\u1E7E\\u01B2\\uA75E\\u0245]","VY":"[\\uA760]","W":"[\\u0057\\u24CC\\uFF37\\u1E80\\u1E82\\u0174\\u1E86\\u1E84\\u1E88\\u2C72]","X":"[\\u0058\\u24CD\\uFF38\\u1E8A\\u1E8C]","Y":"[\\u0059\\u24CE\\uFF39\\u1EF2\\u00DD\\u0176\\u1EF8\\u0232\\u1E8E\\u0178\\u1EF6\\u1EF4\\u01B3\\u024E\\u1EFE]","Z":"[\\u005A\\u24CF\\uFF3A\\u0179\\u1E90\\u017B\\u017D\\u1E92\\u1E94\\u01B5\\u0224\\u2C7F\\u2C6B\\uA762]","a":"[\\u0061\\u24D0\\uFF41\\u1E9A\\u00E0\\u00E1\\u00E2\\u1EA7\\u1EA5\\u1EAB\\u1EA9\\u00E3\\u0101\\u0103\\u1EB1\\u1EAF\\u1EB5\\u1EB3\\u0227\\u01E1\\u00E4\\u01DF\\u1EA3\\u00E5\\u01FB\\u01CE\\u0201\\u0203\\u1EA1\\u1EAD\\u1EB7\\u1E01\\u0105\\u2C65\\u0250]","aa":"[\\uA733]","ae":"[\\u00E6\\u01FD\\u01E3]","ao":"[\\uA735]","au":"[\\uA737]","av":"[\\uA739\\uA73B]","ay":"[\\uA73D]","b":"[\\u0062\\u24D1\\uFF42\\u1E03\\u1E05\\u1E07\\u0180\\u0183\\u0253]","c":"[\\u0063\\u24D2\\uFF43\\u0107\\u0109\\u010B\\u010D\\u00E7\\u1E09\\u0188\\u023C\\uA73F\\u2184]","d":"[\\u0064\\u24D3\\uFF44\\u1E0B\\u010F\\u1E0D\\u1E11\\u1E13\\u1E0F\\u0111\\u018C\\u0256\\u0257\\uA77A]","dz":"[\\u01F3\\u01C6]","e":"[\\u0065\\u24D4\\uFF45\\u00E8\\u00E9\\u00EA\\u1EC1\\u1EBF\\u1EC5\\u1EC3\\u1EBD\\u0113\\u1E15\\u1E17\\u0115\\u0117\\u00EB\\u1EBB\\u011B\\u0205\\u0207\\u1EB9\\u1EC7\\u0229\\u1E1D\\u0119\\u1E19\\u1E1B\\u0247\\u025B\\u01DD]","f":"[\\u0066\\u24D5\\uFF46\\u1E1F\\u0192\\uA77C]","g":"[\\u0067\\u24D6\\uFF47\\u01F5\\u011D\\u1E21\\u011F\\u0121\\u01E7\\u0123\\u01E5\\u0260\\uA7A1\\u1D79\\uA77F]","h":"[\\u0068\\u24D7\\uFF48\\u0125\\u1E23\\u1E27\\u021F\\u1E25\\u1E29\\u1E2B\\u1E96\\u0127\\u2C68\\u2C76\\u0265]","hv":"[\\u0195]","i":"[\\u0069\\u24D8\\uFF49\\u00EC\\u00ED\\u00EE\\u0129\\u012B\\u012D\\u00EF\\u1E2F\\u1EC9\\u01D0\\u0209\\u020B\\u1ECB\\u012F\\u1E2D\\u0268\\u0131]","j":"[\\u006A\\u24D9\\uFF4A\\u0135\\u01F0\\u0249]","k":"[\\u006B\\u24DA\\uFF4B\\u1E31\\u01E9\\u1E33\\u0137\\u1E35\\u0199\\u2C6A\\uA741\\uA743\\uA745\\uA7A3]","l":"[\\u006C\\u24DB\\uFF4C\\u0140\\u013A\\u013E\\u1E37\\u1E39\\u013C\\u1E3D\\u1E3B\\u017F\\u0142\\u019A\\u026B\\u2C61\\uA749\\uA781\\uA747]","lj":"[\\u01C9]","m":"[\\u006D\\u24DC\\uFF4D\\u1E3F\\u1E41\\u1E43\\u0271\\u026F]","n":"[\\u006E\\u24DD\\uFF4E\\u01F9\\u0144\\u00F1\\u1E45\\u0148\\u1E47\\u0146\\u1E4B\\u1E49\\u019E\\u0272\\u0149\\uA791\\uA7A5]","nj":"[\\u01CC]","o":"[\\u006F\\u24DE\\uFF4F\\u00F2\\u00F3\\u00F4\\u1ED3\\u1ED1\\u1ED7\\u1ED5\\u00F5\\u1E4D\\u022D\\u1E4F\\u014D\\u1E51\\u1E53\\u014F\\u022F\\u0231\\u00F6\\u022B\\u1ECF\\u0151\\u01D2\\u020D\\u020F\\u01A1\\u1EDD\\u1EDB\\u1EE1\\u1EDF\\u1EE3\\u1ECD\\u1ED9\\u01EB\\u01ED\\u00F8\\u01FF\\u0254\\uA74B\\uA74D\\u0275]","oi":"[\\u01A3]","ou":"[\\u0223]","oo":"[\\uA74F]","p":"[\\u0070\\u24DF\\uFF50\\u1E55\\u1E57\\u01A5\\u1D7D\\uA751\\uA753\\uA755]","q":"[\\u0071\\u24E0\\uFF51\\u024B\\uA757\\uA759]","r":"[\\u0072\\u24E1\\uFF52\\u0155\\u1E59\\u0159\\u0211\\u0213\\u1E5B\\u1E5D\\u0157\\u1E5F\\u024D\\u027D\\uA75B\\uA7A7\\uA783]","s":"[\\u0073\\u24E2\\uFF53\\u015B\\u1E65\\u015D\\u1E61\\u0161\\u1E67\\u1E63\\u1E69\\u0219\\u015F\\u023F\\uA7A9\\uA785\\u1E9B]","ss":"[\\u00DF]","t":"[\\u0074\\u24E3\\uFF54\\u1E6B\\u1E97\\u0165\\u1E6D\\u021B\\u0163\\u1E71\\u1E6F\\u0167\\u01AD\\u0288\\u2C66\\uA787]","tz":"[\\uA729]","u":"[\\u0075\\u24E4\\uFF55\\u00F9\\u00FA\\u00FB\\u0169\\u1E79\\u016B\\u1E7B\\u016D\\u00FC\\u01DC\\u01D8\\u01D6\\u01DA\\u1EE7\\u016F\\u0171\\u01D4\\u0215\\u0217\\u01B0\\u1EEB\\u1EE9\\u1EEF\\u1EED\\u1EF1\\u1EE5\\u1E73\\u0173\\u1E77\\u1E75\\u0289]","v":"[\\u0076\\u24E5\\uFF56\\u1E7D\\u1E7F\\u028B\\uA75F\\u028C]","vy":"[\\uA761]","w":"[\\u0077\\u24E6\\uFF57\\u1E81\\u1E83\\u0175\\u1E87\\u1E85\\u1E98\\u1E89\\u2C73]","x":"[\\u0078\\u24E7\\uFF58\\u1E8B\\u1E8D]","y":"[\\u0079\\u24E8\\uFF59\\u1EF3\\u00FD\\u0177\\u1EF9\\u0233\\u1E8F\\u00FF\\u1EF7\\u1E99\\u1EF5\\u01B4\\u024F\\u1EFF]","z":"[\\u007A\\u24E9\\uFF5A\\u017A\\u1E91\\u017C\\u017E\\u1E93\\u1E95\\u01B6\\u0225\\u0240\\u2C6C\\uA763]"},"researchesTests":["contentHasTOC","contentHasShortParagraphs","contentHasAssets","keywordInTitle","keywordInMetaDescription","keywordInPermalink","keywordIn10Percent","keywordInContent","keywordInSubheadings","keywordInImageAlt","keywordDensity","keywordNotUsed","lengthContent","lengthPermalink","linksHasInternal","linksHasExternals","linksNotAllExternals","titleStartWithKeyword","titleSentiment","titleHasPowerWords","titleHasNumber","hasContentAI"],"hasRedirection":true,"hasBreadcrumb":false},"homeUrl":"https:\/\/www.enmardel.com\/mdq\/es_ES","objectID":3,"objectType":"post","locale":"es","localeFull":"es_ES","overlayImages":{"play":{"name":"Icono de reproducci\u00f3n","url":"https:\/\/www.enmardel.com\/mdq\/wp-content\/plugins\/seo-by-rank-math\/assets\/admin\/img\/icon-play.png","path":"\/home\/enmardel\/public_html\/mdq\/wp-content\/plugins\/seo-by-rank-math\/assets\/admin\/img\/icon-play.png","position":"middle_center"},"gif":{"name":"Icono GIF","url":"https:\/\/www.enmardel.com\/mdq\/wp-content\/plugins\/seo-by-rank-math\/assets\/admin\/img\/icon-gif.png","path":"\/home\/enmardel\/public_html\/mdq\/wp-content\/plugins\/seo-by-rank-math\/assets\/admin\/img\/icon-gif.png","position":"middle_center"}},"defautOgImage":"https:\/\/www.enmardel.com\/mdq\/wp-content\/uploads\/2022\/01\/LogoFinalEnMardel.png","customPermalinks":true,"isUserRegistered":false,"autoSuggestKeywords":false,"connectSiteUrl":"https:\/\/rankmath.com\/auth?site=https%3A%2F%2Fwww.enmardel.com%2Fmdq%2Fes_ES&r=https%3A%2F%2Fwww.enmardel.com%2Fmdq%2Fes_ES%2Fwp-json%2Fwp%2Fv2%2Fpages%2F3%3Fnonce%3Dfc3343a418","maxTags":5,"trendsIcon":"<svg viewBox=\"0 0 610 610\"><path d=\"M18.85,446,174.32,290.48l58.08,58.08L76.93,504a14.54,14.54,0,0,1-20.55,0L18.83,466.48a14.54,14.54,0,0,1,0-20.55Z\" style=\"fill:#4285f4\"\/><path d=\"M242.65,242.66,377.59,377.6l-47.75,47.75a14.54,14.54,0,0,1-20.55,0L174.37,290.43l47.75-47.75A14.52,14.52,0,0,1,242.65,242.66Z\" style=\"fill:#ea4335\"\/><polygon points=\"319.53 319.53 479.26 159.8 537.34 217.88 377.61 377.62 319.53 319.53\" style=\"fill:#fabb05\"\/><path d=\"M594.26,262.73V118.61h0a16.94,16.94,0,0,0-16.94-16.94H433.2a16.94,16.94,0,0,0-12,28.92L565.34,274.71h0a16.94,16.94,0,0,0,28.92-12Z\" style=\"fill:#34a853\"\/><rect width=\"610\" height=\"610\" style=\"fill:none\"\/><\/svg>","showScore":true,"siteFavIcon":"data:image\/png;base64,iVBORw0KGgoAAAANSUhEUgAAABAAAAAQCAYAAAAf8\/9hAAABs0lEQVR4AWL4\/\/8\/RRjO8Iucx+noO0MWUDo16FYABMGP6ZfUcRnWtm27jVPbtm3bttuH2t3eFPcY9pLz7NxiLjCyVd87pKnHyqXyxtCs8APd0rnyxiu4qSeA3QEDrAwBDrT1s1Rc\/OrjLZwqVmOSu6+Lamcpp2KKMA9PH1BYXMe1mUP5qotvXTywsOEEYHXxrY+3cqk6TMkYpNr2FeoY3KIr0RPtn9wQ2unlA+GMkRw6+9TFw4YTwDUzx\/JVvARj9KaedXRO8P5B1Du2S32smzqUrcKGEyA+uAgQjKX7zf0boWHGfn71jIKj2689gxp7OAGShNcBUmLMPVjZuiKcA2vuWHHDCQxMCz629kXAIU4ApY15QwggAFbfOP9DhgBJ+nWVJ1AZAfICAj1pAlY6hCADZnveQf7bQIwzVONGJonhLIlS9gr5mFg44Xd+4S3XHoGNPdJl1INIwKyEgHckEhgTe1bGiFY9GSFBYUwLh1IkiJUbY407E7syBSFxKTszEoiE\/YdrgCEayDmtaJwCI9uu8TKMuZSVfSa4BpGgzvomBR\/INhLGzrqDotp01ZR8pn\/1L0JN9d9XNyx0AAAAAElFTkSuQmCC","canUser":{"general":false,"advanced":false,"snippet":false,"social":false,"analysis":false,"analytics":false,"content_ai":false},"isPro":false,"is_front_page":false,"trendsUpgradeLink":"https:\/\/rankmath.com\/pricing\/?utm_source=Plugin&utm_medium=CE%20General%20Tab%20Trends&utm_campaign=WP","trendsUpgradeLabel":"Actualizar","trendsPreviewImage":"https:\/\/www.enmardel.com\/mdq\/wp-content\/plugins\/seo-by-rank-math\/assets\/admin\/img\/trends-preview.jpg","currentEditor":false,"homepageData":{"assessor":{"powerWords":["incre\u00edble","asombroso","maravilloso","\u00fanico","hermoso","felicidad","brillante","cautivador","carism\u00e1tico","impactante","claro","completamente","confidencial","confianza","significativo","creativo","definitivamente","delicioso","demostrar","apres\u00farate","decidido","digno","din\u00e1mico","impresionante","esencial","inspirador","innovador","intenso","eficaz","m\u00e1gico","magn\u00edfico","hist\u00f3rico","importante","incre\u00edble","indispensable","inolvidable","irresistible","legendario","luminoso","lujo","m\u00e1gico","magn\u00edfico","majestuoso","memorable","maravilloso","milagroso","motivador","necesario","nuevo","oficial","perfecto","apasionado","persuasivo","fenomenal","placer","popular","poder","prestigioso","prodigioso","profundo","pr\u00f3spero","poderoso","calidad","radiante","r\u00e1pido","exitoso","revolucionario","satisfecho","seguridad","sensacional","sereno","suntuoso","espl\u00e9ndido","sublime","sorprendente","talentoso","terror\u00edfico","\u00fanico","valor","vibrante","victorioso","vivo","verdaderamente","celoso","aut\u00e9ntico","aventurero","espectacular","exclusivo","garantizado","extraordinario","fabuloso","fascinante","formidable","genial","grandioso","gratuito","h\u00e1bil","ilimitado","impecable","infalible","infinitamente","influyente","ingenioso","inolvidable","irremplazable","l\u00edder","maestro","notable","novedoso","pionero","poderoso","reconocido","revolucionario","sorprendente","superior","triunfante","ultra","valiente","valioso","vanguardista","vigoroso","visionario","voluntad","vital","triunfo","glorioso","imparable","inigualable","inteligente","invencible","libertad","orgullo","paz","progreso","renovado","sabidur\u00eda","satisfacci\u00f3n","seguro","serenidad","superaci\u00f3n","talento","transcendente","transformador","valent\u00eda","victoria"],"diacritics":true,"researchesTests":["contentHasTOC","contentHasShortParagraphs","contentHasAssets","keywordInTitle","keywordInMetaDescription","keywordInPermalink","keywordIn10Percent","keywordInContent","keywordInSubheadings","keywordInImageAlt","keywordDensity","keywordNotUsed","lengthContent","lengthPermalink","linksHasInternal","linksHasExternals","linksNotAllExternals","titleStartWithKeyword","titleSentiment","titleHasPowerWords","titleHasNumber","hasContentAI"],"hasBreadcrumb":false,"serpData":{"title":"%sitename% %page% %sep% %sitedesc%","description":"","titleTemplate":"%sitename% %page% %sep% %sitedesc%","descriptionTemplate":"","focusKeywords":"","breadcrumbTitle":"Home","robots":{"index":true},"advancedRobots":{"max-snippet":"-1","max-video-preview":"-1","max-image-preview":"large"},"facebookTitle":"","facebookDescription":"","facebookImage":"","facebookImageID":""}}},"tocTitle":"Table of Contents","tocExcludeHeadings":[],"listStyle":"ul"},"_links":{"self":[{"href":"https:\/\/www.enmardel.com\/mdq\/es_ES\/wp-json\/wp\/v2\/pages\/3","targetHints":{"allow":["GET"]}}],"collection":[{"href":"https:\/\/www.enmardel.com\/mdq\/es_ES\/wp-json\/wp\/v2\/pages"}],"about":[{"href":"https:\/\/www.enmardel.com\/mdq\/es_ES\/wp-json\/wp\/v2\/types\/page"}],"author":[{"embeddable":true,"href":"https:\/\/www.enmardel.com\/mdq\/es_ES\/wp-json\/wp\/v2\/users\/1"}],"replies":[{"embeddable":true,"href":"https:\/\/www.enmardel.com\/mdq\/es_ES\/wp-json\/wp\/v2\/comments?post=3"}],"version-history":[{"count":53,"href":"https:\/\/www.enmardel.com\/mdq\/es_ES\/wp-json\/wp\/v2\/pages\/3\/revisions"}],"predecessor-version":[{"id":1382,"href":"https:\/\/www.enmardel.com\/mdq\/es_ES\/wp-json\/wp\/v2\/pages\/3\/revisions\/1382"}],"wp:attachment":[{"href":"https:\/\/www.enmardel.com\/mdq\/es_ES\/wp-json\/wp\/v2\/media?parent=3"}],"curies":[{"name":"wp","href":"https:\/\/api.w.org\/{rel}","templated":true}]}}